{"id":969,"date":"2025-10-24T16:15:29","date_gmt":"2025-10-24T16:15:29","guid":{"rendered":"https:\/\/regalos8afortunadas.es\/?post_type=product&#038;p=969"},"modified":"2025-10-24T16:16:24","modified_gmt":"2025-10-24T16:16:24","slug":"iman-roque-de-garachico-tenerife","status":"publish","type":"product","link":"https:\/\/regalos8afortunadas.es\/en\/product\/iman-roque-de-garachico-tenerife\/","title":{"rendered":"IM\u00c1N ROQUE DE GARACHICO-TENERIFE"},"content":{"rendered":"<p>VISTA A\u00c9REA DE GARACHICO Y SU FAMOSO ROQUE DE GARACHICO, PUEBLO NORTE\u00d1O DE TENERIFE<\/p>\n<p>IM\u00c1N 70X50 MM<\/p>","protected":false},"excerpt":{"rendered":"<p>VISTA A\u00c9REA DE GARACHICO Y SU FAMOSO ROQUE DE GARACHICO, PUEBLO NORTE\u00d1O DE TENERIFE<\/p>","protected":false},"featured_media":970,"comment_status":"open","ping_status":"closed","template":"","meta":[],"product_brand":[],"product_cat":[56],"product_tag":[],"class_list":{"0":"post-969","1":"product","2":"type-product","3":"status-publish","4":"has-post-thumbnail","6":"product_cat-iman","8":"first","9":"instock","10":"shipping-taxable","11":"purchasable","12":"product-type-simple"},"yoast_head":"<!-- This site is optimized with the Yoast SEO plugin v27.3 - https:\/\/yoast.com\/product\/yoast-seo-wordpress\/ -->\n<title>IM\u00c1N ROQUE DE GARACHICO-TENERIFE - Regalos 8 Afortunadas<\/title>\n<meta name=\"robots\" content=\"index, follow, max-snippet:-1, max-image-preview:large, max-video-preview:-1\" \/>\n<link rel=\"canonical\" href=\"https:\/\/regalos8afortunadas.es\/en\/product\/iman-roque-de-garachico-tenerife\/\" \/>\n<meta property=\"og:locale\" content=\"en_GB\" \/>\n<meta property=\"og:type\" content=\"article\" \/>\n<meta property=\"og:title\" content=\"IM\u00c1N ROQUE DE GARACHICO-TENERIFE - Regalos 8 Afortunadas\" \/>\n<meta property=\"og:description\" content=\"VISTA A\u00c9REA DE GARACHICO Y SU FAMOSO ROQUE DE GARACHICO, PUEBLO NORTE\u00d1O DE TENERIFE\" \/>\n<meta property=\"og:url\" content=\"https:\/\/regalos8afortunadas.es\/en\/product\/iman-roque-de-garachico-tenerife\/\" \/>\n<meta property=\"og:site_name\" content=\"Regalos 8 Afortunadas\" \/>\n<meta property=\"article:modified_time\" content=\"2025-10-24T16:16:24+00:00\" \/>\n<meta property=\"og:image\" content=\"https:\/\/regalos8afortunadas.es\/wp-content\/uploads\/2025\/10\/Imagen-pegada-6-1.png\" \/>\n\t<meta property=\"og:image:width\" content=\"425\" \/>\n\t<meta property=\"og:image:height\" content=\"266\" \/>\n\t<meta property=\"og:image:type\" content=\"image\/png\" \/>\n<meta name=\"twitter:card\" content=\"summary_large_image\" \/>\n<meta name=\"twitter:label1\" content=\"Estimated reading time\" \/>\n\t<meta name=\"twitter:data1\" content=\"1 minute\" \/>\n<script type=\"application\/ld+json\" class=\"yoast-schema-graph\">{\"@context\":\"https:\\\/\\\/schema.org\",\"@graph\":[{\"@type\":\"WebPage\",\"@id\":\"https:\\\/\\\/regalos8afortunadas.es\\\/producto\\\/iman-roque-de-garachico-tenerife\\\/\",\"url\":\"https:\\\/\\\/regalos8afortunadas.es\\\/producto\\\/iman-roque-de-garachico-tenerife\\\/\",\"name\":\"IM\u00c1N ROQUE DE GARACHICO-TENERIFE - Regalos 8 Afortunadas\",\"isPartOf\":{\"@id\":\"https:\\\/\\\/regalos8afortunadas.es\\\/#website\"},\"primaryImageOfPage\":{\"@id\":\"https:\\\/\\\/regalos8afortunadas.es\\\/producto\\\/iman-roque-de-garachico-tenerife\\\/#primaryimage\"},\"image\":{\"@id\":\"https:\\\/\\\/regalos8afortunadas.es\\\/producto\\\/iman-roque-de-garachico-tenerife\\\/#primaryimage\"},\"thumbnailUrl\":\"https:\\\/\\\/regalos8afortunadas.es\\\/wp-content\\\/uploads\\\/2025\\\/10\\\/Imagen-pegada-6-1.png\",\"datePublished\":\"2025-10-24T16:15:29+00:00\",\"dateModified\":\"2025-10-24T16:16:24+00:00\",\"breadcrumb\":{\"@id\":\"https:\\\/\\\/regalos8afortunadas.es\\\/producto\\\/iman-roque-de-garachico-tenerife\\\/#breadcrumb\"},\"inLanguage\":\"en-GB\",\"potentialAction\":[{\"@type\":\"ReadAction\",\"target\":[\"https:\\\/\\\/regalos8afortunadas.es\\\/producto\\\/iman-roque-de-garachico-tenerife\\\/\"]}]},{\"@type\":\"ImageObject\",\"inLanguage\":\"en-GB\",\"@id\":\"https:\\\/\\\/regalos8afortunadas.es\\\/producto\\\/iman-roque-de-garachico-tenerife\\\/#primaryimage\",\"url\":\"https:\\\/\\\/regalos8afortunadas.es\\\/wp-content\\\/uploads\\\/2025\\\/10\\\/Imagen-pegada-6-1.png\",\"contentUrl\":\"https:\\\/\\\/regalos8afortunadas.es\\\/wp-content\\\/uploads\\\/2025\\\/10\\\/Imagen-pegada-6-1.png\",\"width\":425,\"height\":266},{\"@type\":\"BreadcrumbList\",\"@id\":\"https:\\\/\\\/regalos8afortunadas.es\\\/producto\\\/iman-roque-de-garachico-tenerife\\\/#breadcrumb\",\"itemListElement\":[{\"@type\":\"ListItem\",\"position\":1,\"name\":\"Portada\",\"item\":\"https:\\\/\\\/regalos8afortunadas.es\\\/\"},{\"@type\":\"ListItem\",\"position\":2,\"name\":\"Tienda\",\"item\":\"https:\\\/\\\/regalos8afortunadas.es\\\/tienda\\\/\"},{\"@type\":\"ListItem\",\"position\":3,\"name\":\"IM\u00c1N ROQUE DE GARACHICO-TENERIFE\"}]},{\"@type\":\"WebSite\",\"@id\":\"https:\\\/\\\/regalos8afortunadas.es\\\/#website\",\"url\":\"https:\\\/\\\/regalos8afortunadas.es\\\/\",\"name\":\"Regalos 8 Afortunadas\",\"description\":\"Regalos, souvenir, complementos de moda\",\"publisher\":{\"@id\":\"https:\\\/\\\/regalos8afortunadas.es\\\/#organization\"},\"potentialAction\":[{\"@type\":\"SearchAction\",\"target\":{\"@type\":\"EntryPoint\",\"urlTemplate\":\"https:\\\/\\\/regalos8afortunadas.es\\\/?s={search_term_string}\"},\"query-input\":{\"@type\":\"PropertyValueSpecification\",\"valueRequired\":true,\"valueName\":\"search_term_string\"}}],\"inLanguage\":\"en-GB\"},{\"@type\":\"Organization\",\"@id\":\"https:\\\/\\\/regalos8afortunadas.es\\\/#organization\",\"name\":\"Regalos 8 Afortunadas\",\"url\":\"https:\\\/\\\/regalos8afortunadas.es\\\/\",\"logo\":{\"@type\":\"ImageObject\",\"inLanguage\":\"en-GB\",\"@id\":\"https:\\\/\\\/regalos8afortunadas.es\\\/#\\\/schema\\\/logo\\\/image\\\/\",\"url\":\"https:\\\/\\\/regalos8afortunadas.es\\\/wp-content\\\/uploads\\\/2025\\\/09\\\/cropped-Alimentacion-Carniceria-Falou-1.png\",\"contentUrl\":\"https:\\\/\\\/regalos8afortunadas.es\\\/wp-content\\\/uploads\\\/2025\\\/09\\\/cropped-Alimentacion-Carniceria-Falou-1.png\",\"width\":400,\"height\":273,\"caption\":\"Regalos 8 Afortunadas\"},\"image\":{\"@id\":\"https:\\\/\\\/regalos8afortunadas.es\\\/#\\\/schema\\\/logo\\\/image\\\/\"}}]}<\/script>\n<!-- \/ Yoast SEO plugin. -->","yoast_head_json":{"title":"IM\u00c1N ROQUE DE GARACHICO-TENERIFE - Regalos 8 Afortunadas","robots":{"index":"index","follow":"follow","max-snippet":"max-snippet:-1","max-image-preview":"max-image-preview:large","max-video-preview":"max-video-preview:-1"},"canonical":"https:\/\/regalos8afortunadas.es\/en\/product\/iman-roque-de-garachico-tenerife\/","og_locale":"en_GB","og_type":"article","og_title":"IM\u00c1N ROQUE DE GARACHICO-TENERIFE - Regalos 8 Afortunadas","og_description":"VISTA A\u00c9REA DE GARACHICO Y SU FAMOSO ROQUE DE GARACHICO, PUEBLO NORTE\u00d1O DE TENERIFE","og_url":"https:\/\/regalos8afortunadas.es\/en\/product\/iman-roque-de-garachico-tenerife\/","og_site_name":"Regalos 8 Afortunadas","article_modified_time":"2025-10-24T16:16:24+00:00","og_image":[{"width":425,"height":266,"url":"https:\/\/regalos8afortunadas.es\/wp-content\/uploads\/2025\/10\/Imagen-pegada-6-1.png","type":"image\/png"}],"twitter_card":"summary_large_image","twitter_misc":{"Estimated reading time":"1 minute"},"schema":{"@context":"https:\/\/schema.org","@graph":[{"@type":"WebPage","@id":"https:\/\/regalos8afortunadas.es\/producto\/iman-roque-de-garachico-tenerife\/","url":"https:\/\/regalos8afortunadas.es\/producto\/iman-roque-de-garachico-tenerife\/","name":"IM\u00c1N ROQUE DE GARACHICO-TENERIFE - Regalos 8 Afortunadas","isPartOf":{"@id":"https:\/\/regalos8afortunadas.es\/#website"},"primaryImageOfPage":{"@id":"https:\/\/regalos8afortunadas.es\/producto\/iman-roque-de-garachico-tenerife\/#primaryimage"},"image":{"@id":"https:\/\/regalos8afortunadas.es\/producto\/iman-roque-de-garachico-tenerife\/#primaryimage"},"thumbnailUrl":"https:\/\/regalos8afortunadas.es\/wp-content\/uploads\/2025\/10\/Imagen-pegada-6-1.png","datePublished":"2025-10-24T16:15:29+00:00","dateModified":"2025-10-24T16:16:24+00:00","breadcrumb":{"@id":"https:\/\/regalos8afortunadas.es\/producto\/iman-roque-de-garachico-tenerife\/#breadcrumb"},"inLanguage":"en-GB","potentialAction":[{"@type":"ReadAction","target":["https:\/\/regalos8afortunadas.es\/producto\/iman-roque-de-garachico-tenerife\/"]}]},{"@type":"ImageObject","inLanguage":"en-GB","@id":"https:\/\/regalos8afortunadas.es\/producto\/iman-roque-de-garachico-tenerife\/#primaryimage","url":"https:\/\/regalos8afortunadas.es\/wp-content\/uploads\/2025\/10\/Imagen-pegada-6-1.png","contentUrl":"https:\/\/regalos8afortunadas.es\/wp-content\/uploads\/2025\/10\/Imagen-pegada-6-1.png","width":425,"height":266},{"@type":"BreadcrumbList","@id":"https:\/\/regalos8afortunadas.es\/producto\/iman-roque-de-garachico-tenerife\/#breadcrumb","itemListElement":[{"@type":"ListItem","position":1,"name":"Portada","item":"https:\/\/regalos8afortunadas.es\/"},{"@type":"ListItem","position":2,"name":"Tienda","item":"https:\/\/regalos8afortunadas.es\/tienda\/"},{"@type":"ListItem","position":3,"name":"IM\u00c1N ROQUE DE GARACHICO-TENERIFE"}]},{"@type":"WebSite","@id":"https:\/\/regalos8afortunadas.es\/#website","url":"https:\/\/regalos8afortunadas.es\/","name":"Regalos 8 Afortunadas","description":"Regalos, souvenir, complementos de moda","publisher":{"@id":"https:\/\/regalos8afortunadas.es\/#organization"},"potentialAction":[{"@type":"SearchAction","target":{"@type":"EntryPoint","urlTemplate":"https:\/\/regalos8afortunadas.es\/?s={search_term_string}"},"query-input":{"@type":"PropertyValueSpecification","valueRequired":true,"valueName":"search_term_string"}}],"inLanguage":"en-GB"},{"@type":"Organization","@id":"https:\/\/regalos8afortunadas.es\/#organization","name":"Regalos 8 Afortunadas","url":"https:\/\/regalos8afortunadas.es\/","logo":{"@type":"ImageObject","inLanguage":"en-GB","@id":"https:\/\/regalos8afortunadas.es\/#\/schema\/logo\/image\/","url":"https:\/\/regalos8afortunadas.es\/wp-content\/uploads\/2025\/09\/cropped-Alimentacion-Carniceria-Falou-1.png","contentUrl":"https:\/\/regalos8afortunadas.es\/wp-content\/uploads\/2025\/09\/cropped-Alimentacion-Carniceria-Falou-1.png","width":400,"height":273,"caption":"Regalos 8 Afortunadas"},"image":{"@id":"https:\/\/regalos8afortunadas.es\/#\/schema\/logo\/image\/"}}]}},"_links":{"self":[{"href":"https:\/\/regalos8afortunadas.es\/en\/wp-json\/wp\/v2\/product\/969","targetHints":{"allow":["GET"]}}],"collection":[{"href":"https:\/\/regalos8afortunadas.es\/en\/wp-json\/wp\/v2\/product"}],"about":[{"href":"https:\/\/regalos8afortunadas.es\/en\/wp-json\/wp\/v2\/types\/product"}],"replies":[{"embeddable":true,"href":"https:\/\/regalos8afortunadas.es\/en\/wp-json\/wp\/v2\/comments?post=969"}],"wp:featuredmedia":[{"embeddable":true,"href":"https:\/\/regalos8afortunadas.es\/en\/wp-json\/wp\/v2\/media\/970"}],"wp:attachment":[{"href":"https:\/\/regalos8afortunadas.es\/en\/wp-json\/wp\/v2\/media?parent=969"}],"wp:term":[{"taxonomy":"product_brand","embeddable":true,"href":"https:\/\/regalos8afortunadas.es\/en\/wp-json\/wp\/v2\/product_brand?post=969"},{"taxonomy":"product_cat","embeddable":true,"href":"https:\/\/regalos8afortunadas.es\/en\/wp-json\/wp\/v2\/product_cat?post=969"},{"taxonomy":"product_tag","embeddable":true,"href":"https:\/\/regalos8afortunadas.es\/en\/wp-json\/wp\/v2\/product_tag?post=969"}],"curies":[{"name":"wp","href":"https:\/\/api.w.org\/{rel}","templated":true}]}}