{"id":528,"date":"2025-10-01T16:41:08","date_gmt":"2025-10-01T16:41:08","guid":{"rendered":"https:\/\/regalos8afortunadas.rkinformatika.online\/?post_type=product&#038;p=528"},"modified":"2025-11-03T15:56:32","modified_gmt":"2025-11-03T15:56:32","slug":"cordones-calzado-sliwils-manchester","status":"publish","type":"product","link":"https:\/\/regalos8afortunadas.es\/en\/product\/cordones-calzado-sliwils-manchester\/","title":{"rendered":"CORDONES CALZADO SLIWILS &#8211; MANCHESTER"},"content":{"rendered":"<p>CORDONES CALZADO SLIWILS &#8211; MANCHESTER<\/p>\n<p>Los\u00a0cordones\u00a0Manchester de la colecci\u00f3n GENUINE rinden homenaje a la cuna de la industria textil y algodonera moderna. Y es que, sin ella, quiz\u00e1s Sliwils no existir\u00eda&#8230;<\/p>","protected":false},"excerpt":{"rendered":"<p>CORDONES MANCHESTER<\/p>","protected":false},"featured_media":530,"comment_status":"open","ping_status":"closed","template":"","meta":[],"product_brand":[45],"product_cat":[44],"product_tag":[],"class_list":{"0":"post-528","1":"product","2":"type-product","3":"status-publish","4":"has-post-thumbnail","6":"product_brand-sliwils-canarias","7":"product_cat-cordones-calzados","9":"first","10":"instock","11":"shipping-taxable","12":"purchasable","13":"product-type-variable"},"yoast_head":"<!-- This site is optimized with the Yoast SEO plugin v27.3 - https:\/\/yoast.com\/product\/yoast-seo-wordpress\/ -->\n<title>CORDONES CALZADO SLIWILS - MANCHESTER - Regalos 8 Afortunadas<\/title>\n<meta name=\"robots\" content=\"index, follow, max-snippet:-1, max-image-preview:large, max-video-preview:-1\" \/>\n<link rel=\"canonical\" href=\"https:\/\/regalos8afortunadas.es\/en\/product\/cordones-calzado-sliwils-manchester\/\" \/>\n<meta property=\"og:locale\" content=\"en_GB\" \/>\n<meta property=\"og:type\" content=\"article\" \/>\n<meta property=\"og:title\" content=\"CORDONES CALZADO SLIWILS - MANCHESTER - Regalos 8 Afortunadas\" \/>\n<meta property=\"og:description\" content=\"CORDONES MANCHESTER\" \/>\n<meta property=\"og:url\" content=\"https:\/\/regalos8afortunadas.es\/en\/product\/cordones-calzado-sliwils-manchester\/\" \/>\n<meta property=\"og:site_name\" content=\"Regalos 8 Afortunadas\" \/>\n<meta property=\"article:modified_time\" content=\"2025-11-03T15:56:32+00:00\" \/>\n<meta property=\"og:image\" content=\"https:\/\/regalos8afortunadas.es\/wp-content\/uploads\/2025\/10\/cordonesmanchester.png\" \/>\n\t<meta property=\"og:image:width\" content=\"360\" \/>\n\t<meta property=\"og:image:height\" content=\"360\" \/>\n\t<meta property=\"og:image:type\" content=\"image\/png\" \/>\n<meta name=\"twitter:card\" content=\"summary_large_image\" \/>\n<meta name=\"twitter:label1\" content=\"Estimated reading time\" \/>\n\t<meta name=\"twitter:data1\" content=\"1 minute\" \/>\n<script type=\"application\/ld+json\" class=\"yoast-schema-graph\">{\"@context\":\"https:\\\/\\\/schema.org\",\"@graph\":[{\"@type\":\"WebPage\",\"@id\":\"https:\\\/\\\/regalos8afortunadas.es\\\/producto\\\/cordones-calzado-sliwils-manchester\\\/\",\"url\":\"https:\\\/\\\/regalos8afortunadas.es\\\/producto\\\/cordones-calzado-sliwils-manchester\\\/\",\"name\":\"CORDONES CALZADO SLIWILS - MANCHESTER - Regalos 8 Afortunadas\",\"isPartOf\":{\"@id\":\"https:\\\/\\\/regalos8afortunadas.es\\\/#website\"},\"primaryImageOfPage\":{\"@id\":\"https:\\\/\\\/regalos8afortunadas.es\\\/producto\\\/cordones-calzado-sliwils-manchester\\\/#primaryimage\"},\"image\":{\"@id\":\"https:\\\/\\\/regalos8afortunadas.es\\\/producto\\\/cordones-calzado-sliwils-manchester\\\/#primaryimage\"},\"thumbnailUrl\":\"https:\\\/\\\/regalos8afortunadas.es\\\/wp-content\\\/uploads\\\/2025\\\/10\\\/cordonesmanchester.png\",\"datePublished\":\"2025-10-01T16:41:08+00:00\",\"dateModified\":\"2025-11-03T15:56:32+00:00\",\"breadcrumb\":{\"@id\":\"https:\\\/\\\/regalos8afortunadas.es\\\/producto\\\/cordones-calzado-sliwils-manchester\\\/#breadcrumb\"},\"inLanguage\":\"en-GB\",\"potentialAction\":[{\"@type\":\"ReadAction\",\"target\":[\"https:\\\/\\\/regalos8afortunadas.es\\\/producto\\\/cordones-calzado-sliwils-manchester\\\/\"]}]},{\"@type\":\"ImageObject\",\"inLanguage\":\"en-GB\",\"@id\":\"https:\\\/\\\/regalos8afortunadas.es\\\/producto\\\/cordones-calzado-sliwils-manchester\\\/#primaryimage\",\"url\":\"https:\\\/\\\/regalos8afortunadas.es\\\/wp-content\\\/uploads\\\/2025\\\/10\\\/cordonesmanchester.png\",\"contentUrl\":\"https:\\\/\\\/regalos8afortunadas.es\\\/wp-content\\\/uploads\\\/2025\\\/10\\\/cordonesmanchester.png\",\"width\":360,\"height\":360},{\"@type\":\"BreadcrumbList\",\"@id\":\"https:\\\/\\\/regalos8afortunadas.es\\\/producto\\\/cordones-calzado-sliwils-manchester\\\/#breadcrumb\",\"itemListElement\":[{\"@type\":\"ListItem\",\"position\":1,\"name\":\"Portada\",\"item\":\"https:\\\/\\\/regalos8afortunadas.es\\\/\"},{\"@type\":\"ListItem\",\"position\":2,\"name\":\"Tienda\",\"item\":\"https:\\\/\\\/regalos8afortunadas.es\\\/tienda\\\/\"},{\"@type\":\"ListItem\",\"position\":3,\"name\":\"CORDONES CALZADO SLIWILS &#8211; MANCHESTER\"}]},{\"@type\":\"WebSite\",\"@id\":\"https:\\\/\\\/regalos8afortunadas.es\\\/#website\",\"url\":\"https:\\\/\\\/regalos8afortunadas.es\\\/\",\"name\":\"Regalos 8 Afortunadas\",\"description\":\"Regalos, souvenir, complementos de moda\",\"publisher\":{\"@id\":\"https:\\\/\\\/regalos8afortunadas.es\\\/#organization\"},\"potentialAction\":[{\"@type\":\"SearchAction\",\"target\":{\"@type\":\"EntryPoint\",\"urlTemplate\":\"https:\\\/\\\/regalos8afortunadas.es\\\/?s={search_term_string}\"},\"query-input\":{\"@type\":\"PropertyValueSpecification\",\"valueRequired\":true,\"valueName\":\"search_term_string\"}}],\"inLanguage\":\"en-GB\"},{\"@type\":\"Organization\",\"@id\":\"https:\\\/\\\/regalos8afortunadas.es\\\/#organization\",\"name\":\"Regalos 8 Afortunadas\",\"url\":\"https:\\\/\\\/regalos8afortunadas.es\\\/\",\"logo\":{\"@type\":\"ImageObject\",\"inLanguage\":\"en-GB\",\"@id\":\"https:\\\/\\\/regalos8afortunadas.es\\\/#\\\/schema\\\/logo\\\/image\\\/\",\"url\":\"https:\\\/\\\/regalos8afortunadas.es\\\/wp-content\\\/uploads\\\/2025\\\/09\\\/cropped-Alimentacion-Carniceria-Falou-1.png\",\"contentUrl\":\"https:\\\/\\\/regalos8afortunadas.es\\\/wp-content\\\/uploads\\\/2025\\\/09\\\/cropped-Alimentacion-Carniceria-Falou-1.png\",\"width\":400,\"height\":273,\"caption\":\"Regalos 8 Afortunadas\"},\"image\":{\"@id\":\"https:\\\/\\\/regalos8afortunadas.es\\\/#\\\/schema\\\/logo\\\/image\\\/\"}}]}<\/script>\n<!-- \/ Yoast SEO plugin. -->","yoast_head_json":{"title":"CORDONES CALZADO SLIWILS - MANCHESTER - Regalos 8 Afortunadas","robots":{"index":"index","follow":"follow","max-snippet":"max-snippet:-1","max-image-preview":"max-image-preview:large","max-video-preview":"max-video-preview:-1"},"canonical":"https:\/\/regalos8afortunadas.es\/en\/product\/cordones-calzado-sliwils-manchester\/","og_locale":"en_GB","og_type":"article","og_title":"CORDONES CALZADO SLIWILS - MANCHESTER - Regalos 8 Afortunadas","og_description":"CORDONES MANCHESTER","og_url":"https:\/\/regalos8afortunadas.es\/en\/product\/cordones-calzado-sliwils-manchester\/","og_site_name":"Regalos 8 Afortunadas","article_modified_time":"2025-11-03T15:56:32+00:00","og_image":[{"width":360,"height":360,"url":"https:\/\/regalos8afortunadas.es\/wp-content\/uploads\/2025\/10\/cordonesmanchester.png","type":"image\/png"}],"twitter_card":"summary_large_image","twitter_misc":{"Estimated reading time":"1 minute"},"schema":{"@context":"https:\/\/schema.org","@graph":[{"@type":"WebPage","@id":"https:\/\/regalos8afortunadas.es\/producto\/cordones-calzado-sliwils-manchester\/","url":"https:\/\/regalos8afortunadas.es\/producto\/cordones-calzado-sliwils-manchester\/","name":"CORDONES CALZADO SLIWILS - MANCHESTER - Regalos 8 Afortunadas","isPartOf":{"@id":"https:\/\/regalos8afortunadas.es\/#website"},"primaryImageOfPage":{"@id":"https:\/\/regalos8afortunadas.es\/producto\/cordones-calzado-sliwils-manchester\/#primaryimage"},"image":{"@id":"https:\/\/regalos8afortunadas.es\/producto\/cordones-calzado-sliwils-manchester\/#primaryimage"},"thumbnailUrl":"https:\/\/regalos8afortunadas.es\/wp-content\/uploads\/2025\/10\/cordonesmanchester.png","datePublished":"2025-10-01T16:41:08+00:00","dateModified":"2025-11-03T15:56:32+00:00","breadcrumb":{"@id":"https:\/\/regalos8afortunadas.es\/producto\/cordones-calzado-sliwils-manchester\/#breadcrumb"},"inLanguage":"en-GB","potentialAction":[{"@type":"ReadAction","target":["https:\/\/regalos8afortunadas.es\/producto\/cordones-calzado-sliwils-manchester\/"]}]},{"@type":"ImageObject","inLanguage":"en-GB","@id":"https:\/\/regalos8afortunadas.es\/producto\/cordones-calzado-sliwils-manchester\/#primaryimage","url":"https:\/\/regalos8afortunadas.es\/wp-content\/uploads\/2025\/10\/cordonesmanchester.png","contentUrl":"https:\/\/regalos8afortunadas.es\/wp-content\/uploads\/2025\/10\/cordonesmanchester.png","width":360,"height":360},{"@type":"BreadcrumbList","@id":"https:\/\/regalos8afortunadas.es\/producto\/cordones-calzado-sliwils-manchester\/#breadcrumb","itemListElement":[{"@type":"ListItem","position":1,"name":"Portada","item":"https:\/\/regalos8afortunadas.es\/"},{"@type":"ListItem","position":2,"name":"Tienda","item":"https:\/\/regalos8afortunadas.es\/tienda\/"},{"@type":"ListItem","position":3,"name":"CORDONES CALZADO SLIWILS &#8211; MANCHESTER"}]},{"@type":"WebSite","@id":"https:\/\/regalos8afortunadas.es\/#website","url":"https:\/\/regalos8afortunadas.es\/","name":"Regalos 8 Afortunadas","description":"Regalos, souvenir, complementos de moda","publisher":{"@id":"https:\/\/regalos8afortunadas.es\/#organization"},"potentialAction":[{"@type":"SearchAction","target":{"@type":"EntryPoint","urlTemplate":"https:\/\/regalos8afortunadas.es\/?s={search_term_string}"},"query-input":{"@type":"PropertyValueSpecification","valueRequired":true,"valueName":"search_term_string"}}],"inLanguage":"en-GB"},{"@type":"Organization","@id":"https:\/\/regalos8afortunadas.es\/#organization","name":"Regalos 8 Afortunadas","url":"https:\/\/regalos8afortunadas.es\/","logo":{"@type":"ImageObject","inLanguage":"en-GB","@id":"https:\/\/regalos8afortunadas.es\/#\/schema\/logo\/image\/","url":"https:\/\/regalos8afortunadas.es\/wp-content\/uploads\/2025\/09\/cropped-Alimentacion-Carniceria-Falou-1.png","contentUrl":"https:\/\/regalos8afortunadas.es\/wp-content\/uploads\/2025\/09\/cropped-Alimentacion-Carniceria-Falou-1.png","width":400,"height":273,"caption":"Regalos 8 Afortunadas"},"image":{"@id":"https:\/\/regalos8afortunadas.es\/#\/schema\/logo\/image\/"}}]}},"_links":{"self":[{"href":"https:\/\/regalos8afortunadas.es\/en\/wp-json\/wp\/v2\/product\/528","targetHints":{"allow":["GET"]}}],"collection":[{"href":"https:\/\/regalos8afortunadas.es\/en\/wp-json\/wp\/v2\/product"}],"about":[{"href":"https:\/\/regalos8afortunadas.es\/en\/wp-json\/wp\/v2\/types\/product"}],"replies":[{"embeddable":true,"href":"https:\/\/regalos8afortunadas.es\/en\/wp-json\/wp\/v2\/comments?post=528"}],"wp:featuredmedia":[{"embeddable":true,"href":"https:\/\/regalos8afortunadas.es\/en\/wp-json\/wp\/v2\/media\/530"}],"wp:attachment":[{"href":"https:\/\/regalos8afortunadas.es\/en\/wp-json\/wp\/v2\/media?parent=528"}],"wp:term":[{"taxonomy":"product_brand","embeddable":true,"href":"https:\/\/regalos8afortunadas.es\/en\/wp-json\/wp\/v2\/product_brand?post=528"},{"taxonomy":"product_cat","embeddable":true,"href":"https:\/\/regalos8afortunadas.es\/en\/wp-json\/wp\/v2\/product_cat?post=528"},{"taxonomy":"product_tag","embeddable":true,"href":"https:\/\/regalos8afortunadas.es\/en\/wp-json\/wp\/v2\/product_tag?post=528"}],"curies":[{"name":"wp","href":"https:\/\/api.w.org\/{rel}","templated":true}]}}