{"id":10,"date":"2025-09-12T13:33:42","date_gmt":"2025-09-12T13:33:42","guid":{"rendered":"https:\/\/regalos8afortunadas.rkinformatika.online\/?page_id=10"},"modified":"2025-09-12T13:59:06","modified_gmt":"2025-09-12T13:59:06","slug":"reembolso_devoluciones","status":"publish","type":"page","link":"https:\/\/regalos8afortunadas.es\/en\/reembolso_devoluciones\/","title":{"rendered":"Pol\u00edtica de devoluciones y reembolsos"},"content":{"rendered":"<div data-elementor-type=\"wp-page\" data-elementor-id=\"10\" class=\"elementor elementor-10\" data-elementor-post-type=\"page\">\n\t\t\t\t<div class=\"elementor-element elementor-element-068b8ed e-flex e-con-boxed e-con e-parent\" data-id=\"068b8ed\" data-element_type=\"container\" data-e-type=\"container\">\n\t\t\t\t\t<div class=\"e-con-inner\">\n\t\t\t\t<div class=\"elementor-element elementor-element-ebb3b64 elementor-widget elementor-widget-text-editor\" data-id=\"ebb3b64\" data-element_type=\"widget\" data-e-type=\"widget\" data-widget_type=\"text-editor.default\">\n\t\t\t\t\t\t\t\t\t<h1><span style=\"color: #666666; font-size: x-large;\"><b>Pol\u00edtica de Devoluciones<\/b><\/span><\/h1>\n<p>En el caso de cambio el cliente nos debe informar y hacernos llegar el producto que quiere devolver y tras valorar que el producto tiene que est\u00e1 sin usar con la etiqueta y envoltorio original, se procede a hacer la devoluci\u00f3n del mismo modo que se ha hecho el pago.<\/p>\n<p>Tambi\u00e9n se puede hacer la devoluci\u00f3n en la propia tienda.<\/p>\n<p>Se dispone de 15 d\u00edas para devolver el pedido.<\/p>\n<p>Pod\u00e9is poneros en contacto con nosotros en el tel\u00e9fono <b>+34\u00a0678 27 05 08<\/b>\u00a0o en el email <b>contacto@regalos8afortunadas.com<\/b><\/p>\t\t\t\t\t\t\t\t<\/div>\n\t\t\t\t\t<\/div>\n\t\t\t\t<\/div>\n\t\t\t\t<\/div>","protected":false},"excerpt":{"rendered":"<p>Pol\u00edtica de Devoluciones En el caso de cambio el cliente nos debe informar y hacernos llegar el producto que quiere devolver y tras valorar que el producto tiene que est\u00e1 sin usar con la etiqueta y envoltorio original, se procede a hacer la devoluci\u00f3n del mismo modo que se ha hecho el pago. Tambi\u00e9n se [&hellip;]<\/p>\n","protected":false},"author":1,"featured_media":0,"parent":0,"menu_order":0,"comment_status":"closed","ping_status":"closed","template":"elementor_canvas","meta":{"footnotes":""},"class_list":["post-10","page","type-page","status-publish","hentry"],"yoast_head":"<!-- This site is optimized with the Yoast SEO plugin v27.3 - https:\/\/yoast.com\/product\/yoast-seo-wordpress\/ -->\n<title>Pol\u00edtica de devoluciones y reembolsos - Regalos 8 Afortunadas<\/title>\n<meta name=\"robots\" content=\"index, follow, max-snippet:-1, max-image-preview:large, max-video-preview:-1\" \/>\n<link rel=\"canonical\" href=\"https:\/\/regalos8afortunadas.es\/en\/reembolso_devoluciones\/\" \/>\n<meta property=\"og:locale\" content=\"en_GB\" \/>\n<meta property=\"og:type\" content=\"article\" \/>\n<meta property=\"og:title\" content=\"Pol\u00edtica de devoluciones y reembolsos - Regalos 8 Afortunadas\" \/>\n<meta property=\"og:description\" content=\"Pol\u00edtica de Devoluciones En el caso de cambio el cliente nos debe informar y hacernos llegar el producto que quiere devolver y tras valorar que el producto tiene que est\u00e1 sin usar con la etiqueta y envoltorio original, se procede a hacer la devoluci\u00f3n del mismo modo que se ha hecho el pago. Tambi\u00e9n se [&hellip;]\" \/>\n<meta property=\"og:url\" content=\"https:\/\/regalos8afortunadas.es\/en\/reembolso_devoluciones\/\" \/>\n<meta property=\"og:site_name\" content=\"Regalos 8 Afortunadas\" \/>\n<meta property=\"article:modified_time\" content=\"2025-09-12T13:59:06+00:00\" \/>\n<meta name=\"twitter:card\" content=\"summary_large_image\" \/>\n<meta name=\"twitter:label1\" content=\"Estimated reading time\" \/>\n\t<meta name=\"twitter:data1\" content=\"1 minute\" \/>\n<script type=\"application\/ld+json\" class=\"yoast-schema-graph\">{\"@context\":\"https:\\\/\\\/schema.org\",\"@graph\":[{\"@type\":\"WebPage\",\"@id\":\"https:\\\/\\\/regalos8afortunadas.es\\\/reembolso_devoluciones\\\/\",\"url\":\"https:\\\/\\\/regalos8afortunadas.es\\\/reembolso_devoluciones\\\/\",\"name\":\"Pol\u00edtica de devoluciones y reembolsos - Regalos 8 Afortunadas\",\"isPartOf\":{\"@id\":\"https:\\\/\\\/regalos8afortunadas.es\\\/#website\"},\"datePublished\":\"2025-09-12T13:33:42+00:00\",\"dateModified\":\"2025-09-12T13:59:06+00:00\",\"breadcrumb\":{\"@id\":\"https:\\\/\\\/regalos8afortunadas.es\\\/reembolso_devoluciones\\\/#breadcrumb\"},\"inLanguage\":\"en-GB\",\"potentialAction\":[{\"@type\":\"ReadAction\",\"target\":[\"https:\\\/\\\/regalos8afortunadas.es\\\/reembolso_devoluciones\\\/\"]}]},{\"@type\":\"BreadcrumbList\",\"@id\":\"https:\\\/\\\/regalos8afortunadas.es\\\/reembolso_devoluciones\\\/#breadcrumb\",\"itemListElement\":[{\"@type\":\"ListItem\",\"position\":1,\"name\":\"Portada\",\"item\":\"https:\\\/\\\/regalos8afortunadas.es\\\/\"},{\"@type\":\"ListItem\",\"position\":2,\"name\":\"Pol\u00edtica de devoluciones y reembolsos\"}]},{\"@type\":\"WebSite\",\"@id\":\"https:\\\/\\\/regalos8afortunadas.es\\\/#website\",\"url\":\"https:\\\/\\\/regalos8afortunadas.es\\\/\",\"name\":\"Regalos 8 Afortunadas\",\"description\":\"Regalos, souvenir, complementos de moda\",\"publisher\":{\"@id\":\"https:\\\/\\\/regalos8afortunadas.es\\\/#organization\"},\"potentialAction\":[{\"@type\":\"SearchAction\",\"target\":{\"@type\":\"EntryPoint\",\"urlTemplate\":\"https:\\\/\\\/regalos8afortunadas.es\\\/?s={search_term_string}\"},\"query-input\":{\"@type\":\"PropertyValueSpecification\",\"valueRequired\":true,\"valueName\":\"search_term_string\"}}],\"inLanguage\":\"en-GB\"},{\"@type\":\"Organization\",\"@id\":\"https:\\\/\\\/regalos8afortunadas.es\\\/#organization\",\"name\":\"Regalos 8 Afortunadas\",\"url\":\"https:\\\/\\\/regalos8afortunadas.es\\\/\",\"logo\":{\"@type\":\"ImageObject\",\"inLanguage\":\"en-GB\",\"@id\":\"https:\\\/\\\/regalos8afortunadas.es\\\/#\\\/schema\\\/logo\\\/image\\\/\",\"url\":\"https:\\\/\\\/regalos8afortunadas.es\\\/wp-content\\\/uploads\\\/2025\\\/09\\\/cropped-Alimentacion-Carniceria-Falou-1.png\",\"contentUrl\":\"https:\\\/\\\/regalos8afortunadas.es\\\/wp-content\\\/uploads\\\/2025\\\/09\\\/cropped-Alimentacion-Carniceria-Falou-1.png\",\"width\":400,\"height\":273,\"caption\":\"Regalos 8 Afortunadas\"},\"image\":{\"@id\":\"https:\\\/\\\/regalos8afortunadas.es\\\/#\\\/schema\\\/logo\\\/image\\\/\"}}]}<\/script>\n<!-- \/ Yoast SEO plugin. -->","yoast_head_json":{"title":"Pol\u00edtica de devoluciones y reembolsos - Regalos 8 Afortunadas","robots":{"index":"index","follow":"follow","max-snippet":"max-snippet:-1","max-image-preview":"max-image-preview:large","max-video-preview":"max-video-preview:-1"},"canonical":"https:\/\/regalos8afortunadas.es\/en\/reembolso_devoluciones\/","og_locale":"en_GB","og_type":"article","og_title":"Pol\u00edtica de devoluciones y reembolsos - Regalos 8 Afortunadas","og_description":"Pol\u00edtica de Devoluciones En el caso de cambio el cliente nos debe informar y hacernos llegar el producto que quiere devolver y tras valorar que el producto tiene que est\u00e1 sin usar con la etiqueta y envoltorio original, se procede a hacer la devoluci\u00f3n del mismo modo que se ha hecho el pago. Tambi\u00e9n se [&hellip;]","og_url":"https:\/\/regalos8afortunadas.es\/en\/reembolso_devoluciones\/","og_site_name":"Regalos 8 Afortunadas","article_modified_time":"2025-09-12T13:59:06+00:00","twitter_card":"summary_large_image","twitter_misc":{"Estimated reading time":"1 minute"},"schema":{"@context":"https:\/\/schema.org","@graph":[{"@type":"WebPage","@id":"https:\/\/regalos8afortunadas.es\/reembolso_devoluciones\/","url":"https:\/\/regalos8afortunadas.es\/reembolso_devoluciones\/","name":"Pol\u00edtica de devoluciones y reembolsos - Regalos 8 Afortunadas","isPartOf":{"@id":"https:\/\/regalos8afortunadas.es\/#website"},"datePublished":"2025-09-12T13:33:42+00:00","dateModified":"2025-09-12T13:59:06+00:00","breadcrumb":{"@id":"https:\/\/regalos8afortunadas.es\/reembolso_devoluciones\/#breadcrumb"},"inLanguage":"en-GB","potentialAction":[{"@type":"ReadAction","target":["https:\/\/regalos8afortunadas.es\/reembolso_devoluciones\/"]}]},{"@type":"BreadcrumbList","@id":"https:\/\/regalos8afortunadas.es\/reembolso_devoluciones\/#breadcrumb","itemListElement":[{"@type":"ListItem","position":1,"name":"Portada","item":"https:\/\/regalos8afortunadas.es\/"},{"@type":"ListItem","position":2,"name":"Pol\u00edtica de devoluciones y reembolsos"}]},{"@type":"WebSite","@id":"https:\/\/regalos8afortunadas.es\/#website","url":"https:\/\/regalos8afortunadas.es\/","name":"Regalos 8 Afortunadas","description":"Regalos, souvenir, complementos de moda","publisher":{"@id":"https:\/\/regalos8afortunadas.es\/#organization"},"potentialAction":[{"@type":"SearchAction","target":{"@type":"EntryPoint","urlTemplate":"https:\/\/regalos8afortunadas.es\/?s={search_term_string}"},"query-input":{"@type":"PropertyValueSpecification","valueRequired":true,"valueName":"search_term_string"}}],"inLanguage":"en-GB"},{"@type":"Organization","@id":"https:\/\/regalos8afortunadas.es\/#organization","name":"Regalos 8 Afortunadas","url":"https:\/\/regalos8afortunadas.es\/","logo":{"@type":"ImageObject","inLanguage":"en-GB","@id":"https:\/\/regalos8afortunadas.es\/#\/schema\/logo\/image\/","url":"https:\/\/regalos8afortunadas.es\/wp-content\/uploads\/2025\/09\/cropped-Alimentacion-Carniceria-Falou-1.png","contentUrl":"https:\/\/regalos8afortunadas.es\/wp-content\/uploads\/2025\/09\/cropped-Alimentacion-Carniceria-Falou-1.png","width":400,"height":273,"caption":"Regalos 8 Afortunadas"},"image":{"@id":"https:\/\/regalos8afortunadas.es\/#\/schema\/logo\/image\/"}}]}},"_links":{"self":[{"href":"https:\/\/regalos8afortunadas.es\/en\/wp-json\/wp\/v2\/pages\/10","targetHints":{"allow":["GET"]}}],"collection":[{"href":"https:\/\/regalos8afortunadas.es\/en\/wp-json\/wp\/v2\/pages"}],"about":[{"href":"https:\/\/regalos8afortunadas.es\/en\/wp-json\/wp\/v2\/types\/page"}],"author":[{"embeddable":true,"href":"https:\/\/regalos8afortunadas.es\/en\/wp-json\/wp\/v2\/users\/1"}],"replies":[{"embeddable":true,"href":"https:\/\/regalos8afortunadas.es\/en\/wp-json\/wp\/v2\/comments?post=10"}],"version-history":[{"count":7,"href":"https:\/\/regalos8afortunadas.es\/en\/wp-json\/wp\/v2\/pages\/10\/revisions"}],"predecessor-version":[{"id":53,"href":"https:\/\/regalos8afortunadas.es\/en\/wp-json\/wp\/v2\/pages\/10\/revisions\/53"}],"wp:attachment":[{"href":"https:\/\/regalos8afortunadas.es\/en\/wp-json\/wp\/v2\/media?parent=10"}],"curies":[{"name":"wp","href":"https:\/\/api.w.org\/{rel}","templated":true}]}}